{"id":1056,"date":"2024-10-31T14:13:33","date_gmt":"2024-10-31T13:13:33","guid":{"rendered":"https:\/\/parkorly.com\/?page_id=1056"},"modified":"2024-10-31T14:13:34","modified_gmt":"2024-10-31T13:13:34","slug":"protection-des-donnees","status":"publish","type":"page","link":"https:\/\/parkorly.com\/?page_id=1056","title":{"rendered":"Protection des donn\u00e9es"},"content":{"rendered":"<p>Mon entreprise Parkorly (\u00ab\u00a0nous \u00ab\u00a0, \u00ab\u00a0notre \u00a0\u00bb ou \u00ab\u00a0nos \u00ab\u00a0) utilise des cookies sur Mon site Web  https:\/\/parkorly.com  s\u2019engage \u00e0 respecter votre vie priv\u00e9e. Cette politique de confidentialit\u00e9 vous informe sur la fa\u00e7on dont notre organisation collecte, stocke et utilise vos donn\u00e9es personnelles que vous fournissez lorsque vous utilisez notre site Web.<\/p>\n<p><strong>Les sujets abord\u00e9s \u00e9taient les suivants :<\/strong><\/p>\n<ul>\n<li><a href=\"#privacy_1\">Quelles donn\u00e9es collectons-nous ?<\/a><\/li>\n<li><a href=\"#privacy_2\">Comment collectons-nous et utilisons-nous vos donn\u00e9es ?<\/a><\/li>\n<li><a href=\"#privacy_3\">Donn\u00e9es utilis\u00e9es \u00e0 des fins de marketing ou partag\u00e9es avec des tiers<\/a><\/li>\n<li><a href=\"#privacy_4\">Quels sont vos droits en mati\u00e8re de protection des donn\u00e9es ?<\/a><\/li>\n<li><a href=\"#privacy_5\">Politiques de confidentialit\u00e9 pour d\u2019autres sites Web<\/a><\/li>\n<li><a href=\"#privacy_6\">Modifications de notre politique de confidentialit\u00e9<\/a><\/li>\n<li><a href=\"#privacy_7\">Comment nous contacter ?<\/a><\/li>\n<\/ul>\n<p><strong id=\"privacy_1\">Quelles donn\u00e9es collectons-nous ?<\/strong><\/p>\n<p>Nous recueillons vos renseignements personnels. Les renseignements personnels sont toutes les donn\u00e9es relatives \u00e0 une personne \u00e0 utiliser comme identification comme :<\/p>\n<ul>\n<li>Informations d\u2019identification personnelle &#8211; Ces donn\u00e9es sont fournies par vous pour l\u2019inscription et pour l\u2019utilisation d\u2019autres services &#8211; nom, adresse e-mail, num\u00e9ro de t\u00e9l\u00e9phone, pays, \u00e9tat, etc.<\/li>\n<li>Informations sur le navigateur et les visites &#8211; Ces donn\u00e9es sont fournies par votre navigateur et les visites que vous avez effectu\u00e9es sur notre site Web &#8211; type de navigateur, syst\u00e8me d\u2019exploitation, adresse IP, donn\u00e9es d\u00e9mographiques, etc.<\/li>\n<li>Informations relatives aux cookies &#8211; Consultez la politique en mati\u00e8re de cookies pour plus de d\u00e9tails sur les cookies.<\/li>\n<\/ul>\n<p>Cependant, vous pouvez naviguer sur notre site Web sans fournir vos informations personnelles.<\/p>\n<p><strong id=\"privacy_2\">Comment recueillons-nous et utilisons-nous vos renseignements personnels?<\/strong><\/p>\n<p>Collecte de renseignements personnels<\/p>\n<p>Nous collectons vos donn\u00e9es sous les formes suivantes :<\/p>\n<p>Utilisation des renseignements personnels<\/p>\n<ul>\n<li>Inscrivez-vous en ligne ou passez une commande pour des produits ou services<\/li>\n<li>R\u00e9pondez \u00e0 un sondage ou fournissez des commentaires sur nos produits ou services ou par courriel<\/li>\n<li>Visitez notre site Web en utilisant les cookies de votre navigateur<\/li>\n<\/ul>\n<p>Nous utilisons vos renseignements personnels aux fins suivantes :<\/p>\n<ul>\n<li>Pour cr\u00e9er et g\u00e9rer votre compte sur notre site web<\/li>\n<li>Pour traiter les d\u00e9tails li\u00e9s \u00e0 vos commandes et remboursements<\/li>\n<li>Pour vous identifier une fois que vous vous \u00eates inscrit sur notre site Web<\/li>\n<li>Pour vous fournir une meilleure convivialit\u00e9 et un meilleur service<\/li>\n<li>Pour vous contacter et r\u00e9pondre \u00e0 vos questions et commentaires<\/li>\n<li>Pour comprendre quelles sections du site Web sont visit\u00e9es et \u00e0 quelle fr\u00e9quence<\/li>\n<\/ul>\n<p><strong id=\"privacy_3\">Donn\u00e9es utilis\u00e9es \u00e0 des fins de marketing ou partag\u00e9es avec des tiers<\/strong><\/p>\n<p>Donn\u00e9es utilis\u00e9es pour le marketing<\/p>\n<p>En fonction de vos pr\u00e9f\u00e9rences, notre organisation souhaite vous envoyer des e-mails marketing pour les produits, services et offres que vous pourriez aimer. Vous avez le droit \u00e0 tout moment d\u2019emp\u00eacher notre organisation de vous contacter. Vous pouvez \u00e0 tout moment vous d\u00e9sinscrire de nos e-mails li\u00e9s au marketing \u00e0 une date ult\u00e9rieure.<\/p>\n<p>Partage de donn\u00e9es avec des sites tiers<\/p>\n<p>Notre organisation ne partagera jamais vos informations personnelles avec des sites tiers sans avoir obtenu votre autorisation pr\u00e9alable. Cependant, nous partageons vos informations personnelles au sein de l\u2019organisation, des partenaires commerciaux, des services tiers autoris\u00e9s.<\/p>\n<p><strong id=\"privacy_4\">Quels sont vos droits en mati\u00e8re de protection des donn\u00e9es ?<\/strong><\/p>\n<p>Nous veillons \u00e0 ce que vous soyez pleinement conscient de vos droits en mati\u00e8re de protection des donn\u00e9es. Chaque utilisateur dispose des droits suivants :<\/p>\n<ul>\n<li>Le droit d\u2019acc\u00e8s &#8211; Vous avez le droit de demander des copies de vos informations personnelles qui nous sont fournies.<\/li>\n<li>Le droit de rectification &#8211; Vous avez le droit de nous dire de corriger les informations personnelles qui, selon vous, doivent \u00eatre corrig\u00e9es. Vous avez \u00e9galement le droit de compl\u00e9ter les informations que vous jugez incompl\u00e8tes.<\/li>\n<li>Le droit d\u2019effacer &#8211; Vous avez le droit de nous demander d\u2019effacer toutes vos donn\u00e9es personnelles \u00e0 tout moment.<\/li>\n<li>Le droit d\u2019opposition &#8211; Vous avez le droit de vous opposer au traitement de vos donn\u00e9es personnelles par notre organisation, sous certaines conditions.<\/li>\n<li>Le droit \u00e0 la portabilit\u00e9 des donn\u00e9es &#8211; Vous pouvez \u00e0 tout moment nous demander de transf\u00e9rer vos informations personnelles \u00e0 toute autre organisation ou directement \u00e0 vous, sous certaines conditions.<\/li>\n<\/ul>\n<p><strong id=\"privacy_5\">Politiques de confidentialit\u00e9 pour d\u2019autres sites Web li\u00e9s<\/strong><\/p>\n<p>Notre site Web contient des liens depuis et vers d\u2019autres sites Web. Cependant, notre politique de confidentialit\u00e9 s\u2019applique uniquement \u00e0 notre site Web et non \u00e0 d\u2019autres sites Web li\u00e9s. Donc, si vous cliquez sur un lien vers d\u2019autres sites Web, vous pouvez lire leur politique de confidentialit\u00e9.<\/p>\n<p><strong id=\"privacy_6\">Modifications de notre politique de confidentialit\u00e9<\/strong><\/p>\n<p>Notre organisation r\u00e9vise et met \u00e0 jour sa politique de confidentialit\u00e9 sur une base r\u00e9guli\u00e8re. Nous pouvons modifier nos pratiques en mati\u00e8re de confidentialit\u00e9 des donn\u00e9es et placer des mises \u00e0 jour sur cette page de politique de confidentialit\u00e9.<\/p>\n<p><strong id=\"privacy_7\">Comment nous contacter ?<\/strong><\/p>\n<p>Si vous avez des questions concernant nos pratiques de confidentialit\u00e9 des donn\u00e9es ou cette politique de confidentialit\u00e9, n\u2019h\u00e9sitez pas \u00e0 nous contacter \u00e0 l\u2019adresse contact@parkorly.com<\/p>\n<hr \/>\n<p>Derni\u00e8re mise \u00e0 jour\u00a0: October 31, 2024<\/p>\n","protected":false},"excerpt":{"rendered":"<p>Mon entreprise Parkorly (\u00ab\u00a0nous \u00ab\u00a0, \u00ab\u00a0notre \u00a0\u00bb ou \u00ab\u00a0nos \u00ab\u00a0) utilise des cookies sur Mon site Web https:\/\/parkorly.com s\u2019engage \u00e0 respecter votre vie priv\u00e9e. Cette politique de confidentialit\u00e9 vous informe&hellip;<\/p>\n","protected":false},"author":1,"featured_media":0,"parent":0,"menu_order":0,"comment_status":"closed","ping_status":"closed","template":"","meta":{"footnotes":""},"class_list":["post-1056","page","type-page","status-publish","hentry"],"_links":{"self":[{"href":"https:\/\/parkorly.com\/index.php?rest_route=\/wp\/v2\/pages\/1056","targetHints":{"allow":["GET"]}}],"collection":[{"href":"https:\/\/parkorly.com\/index.php?rest_route=\/wp\/v2\/pages"}],"about":[{"href":"https:\/\/parkorly.com\/index.php?rest_route=\/wp\/v2\/types\/page"}],"author":[{"embeddable":true,"href":"https:\/\/parkorly.com\/index.php?rest_route=\/wp\/v2\/users\/1"}],"replies":[{"embeddable":true,"href":"https:\/\/parkorly.com\/index.php?rest_route=%2Fwp%2Fv2%2Fcomments&post=1056"}],"version-history":[{"count":2,"href":"https:\/\/parkorly.com\/index.php?rest_route=\/wp\/v2\/pages\/1056\/revisions"}],"predecessor-version":[{"id":1058,"href":"https:\/\/parkorly.com\/index.php?rest_route=\/wp\/v2\/pages\/1056\/revisions\/1058"}],"wp:attachment":[{"href":"https:\/\/parkorly.com\/index.php?rest_route=%2Fwp%2Fv2%2Fmedia&parent=1056"}],"curies":[{"name":"wp","href":"https:\/\/api.w.org\/{rel}","templated":true}]}}