{"id":1051,"date":"2024-10-31T13:53:21","date_gmt":"2024-10-31T12:53:21","guid":{"rendered":"https:\/\/parkorly.com\/?page_id=1051"},"modified":"2024-10-31T13:53:22","modified_gmt":"2024-10-31T12:53:22","slug":"conditions-dutilisation","status":"publish","type":"page","link":"https:\/\/parkorly.com\/?page_id=1051","title":{"rendered":"Conditions d&rsquo;utilisation"},"content":{"rendered":"<p>\nLes pr\u00e9sentes Conditions r\u00e9gissent votre acc\u00e8s, votre utilisation de tout le contenu, produit et service disponibles \u00e0 l\u2019adresse https:\/\/parkorly.com  (le \u00ab\u00a0Service\u00a0\u00bb) exploit\u00e9 par Parkorly ( \u00ab\u00a0nous\u00a0\u00bb, \u00ab\u00a0notre\u00a0\u00bb ou \u00ab\u00a0nos\u00a0\u00bb).\n<\/p>\n<p>\nVotre acc\u00e8s \u00e0 nos services est soumis \u00e0 votre acceptation, sans modification, de tous les termes et conditions contenus dans les pr\u00e9sentes et de toutes les autres r\u00e8gles et politiques de fonctionnement publi\u00e9es et qui peuvent \u00eatre publi\u00e9es de temps \u00e0 autre par nous.\n<\/p>\n<p>\nVeuillez lire attentivement le Contrat avant d\u2019acc\u00e9der \u00e0 nos Services ou de les utiliser. En acc\u00e9dant ou en utilisant toute partie de nos Services, vous acceptez d\u2019\u00eatre li\u00e9 par les pr\u00e9sentes Conditions. Si vous n\u2019acceptez aucune partie des conditions du Contrat, vous ne pouvez pas acc\u00e9der \u00e0 nos Services ou les utiliser.\n<\/p>\n<h3>Propri\u00e9t\u00e9 intellectuelle<\/h3>\n<p>\nL\u2019Accord ne vous transf\u00e8re aucune de nos propri\u00e9t\u00e9s intellectuelles ou de celles de tiers, et tous les droits, titres et int\u00e9r\u00eats relatifs \u00e0 cette propri\u00e9t\u00e9 resteront (entre les parties) uniquement avec  Parkorly  et ses conc\u00e9dants de licence.\n<\/p>\n<h3>Services de tiers<\/h3>\n<p>En utilisant les Services, vous pouvez utiliser des services, produits, logiciels, int\u00e9grations ou applications tiers d\u00e9velopp\u00e9s par un tiers (\u00a0\u00bb Services tiers \u00ab\u00a0).<\/p>\n<p>\nSi vous utilisez des Services tiers, vous comprenez que :<\/p>\n<ul>\n<li>Toute utilisation d\u2019un Service tiers est \u00e0 vos propres risques, et nous ne serons pas responsables envers quiconque des sites Web ou des Services tiers.<\/li>\n<li>Vous reconnaissez et acceptez que nous ne serons pas responsables de tout dommage ou perte caus\u00e9 ou pr\u00e9tendument caus\u00e9 par ou en relation avec l\u2019utilisation de tels contenus, biens ou services disponibles sur ou via ces sites Web ou services.<\/li>\n<\/ul>\n<h3>Comptes<\/h3>\n<p>Lorsque l\u2019utilisation d\u2019une partie de nos Services n\u00e9cessite un compte, vous acceptez de nous fournir des informations compl\u00e8tes et exactes lorsque vous vous inscrivez pour un compte.<\/p>\n<p>Vous serez seul responsable de toute activit\u00e9 qui se produit sous votre compte. Vous \u00eates responsable de garder les informations de votre compte \u00e0 jour et de garder votre mot de passe s\u00e9curis\u00e9.<\/p>\n<p>Vous \u00eates responsable du maintien de la s\u00e9curit\u00e9 de votre compte que vous utilisez pour acc\u00e9der au Service. Vous ne devez pas partager ou abuser de vos identifiants d\u2019acc\u00e8s. Vous devez nous informer imm\u00e9diatement de toute utilisation non autoris\u00e9e de votre compte ou d\u00e8s que vous avez connaissance de toute autre violation de la s\u00e9curit\u00e9.<\/p>\n<h3>Liens vers d\u2019autres sites Web<\/h3>\n<p>\nNotre Service peut contenir des liens vers des sites Web ou des services tiers qui ne sont pas d\u00e9tenus ou contr\u00f4l\u00e9s par Parkorly .\n<\/p>\n<p>\n Parkorly n\u2019assume aucune responsabilit\u00e9 pour le contenu, les politiques de confidentialit\u00e9 ou les pratiques de tout site Web ou service tiers.  Parkorly  ne sera pas non plus responsable, directement ou indirectement, de tout dommage ou perte caus\u00e9 ou pr\u00e9tendument caus\u00e9 par ou en relation avec l\u2019utilisation ou la confiance accord\u00e9e \u00e0 un tel contenu, biens ou services disponibles sur ou via ces sites Web ou services.<\/p>\n<p>Nous vous conseillons de lire les termes et conditions et les politiques de confidentialit\u00e9 de tous les sites Web ou services tiers que vous visitez.<\/p>\n<h3>R\u00e9siliation<\/h3>\n<p>Nous pouvons r\u00e9silier ou suspendre votre acc\u00e8s \u00e0 tout ou partie de nos Services \u00e0 tout moment, avec ou sans motif, avec ou sans pr\u00e9avis, avec effet imm\u00e9diat.<\/p>\n<p>Si vous souhaitez r\u00e9silier le Contrat ou votre Parkorly , vous pouvez simplement cesser d\u2019utiliser nos Services.<\/p>\n<p>Toutes les dispositions du Contrat qui, de par leur nature, devraient survivre \u00e0 la r\u00e9siliation survivront \u00e0 la r\u00e9siliation, y compris, sans s\u2019y limiter, les dispositions relatives \u00e0 la propri\u00e9t\u00e9, les exclusions de garantie, l\u2019indemnisation et les limitations de responsabilit\u00e9.<\/p>\n<h3>Avertissement<\/h3>\n<p>Nos Services sont fournis  \u00ab\u00a0EN L\u2019\u00c9TAT \u00a0\u00bb et \u00a0\u00bb SELON LA DISPONIBILIT\u00c9\u00a0\u00bb. Parkorly et ses fournisseurs et conc\u00e9dants de licence d\u00e9clinent par la pr\u00e9sente toute garantie de quelque nature que ce soit, expresse ou implicite, y compris, sans s\u2019y limiter, les garanties de qualit\u00e9 marchande, d\u2019ad\u00e9quation \u00e0 un usage particulier et d\u2019absence de contrefa\u00e7on. Ni Parkorly , ni ses fournisseurs et conc\u00e9dants de licence, ne garantissent que nos Services seront exempts d\u2019erreurs ou que l\u2019acc\u00e8s \u00e0 ceux-ci sera continu ou ininterrompu. <\/p>\n<p>Vous comprenez que vous t\u00e9l\u00e9chargez ou obtenez autrement du contenu ou des services par l\u2019interm\u00e9diaire de nos Services \u00e0 votre propre discr\u00e9tion et \u00e0 vos propres risques.<\/p>\n<h3>Juridiction et droit applicable<\/h3>\n<p>Sauf dans la mesure o\u00f9 une loi applicable en dispose autrement, le Contrat et tout acc\u00e8s ou utilisation de nos Services seront r\u00e9gis par les lois de New York.<\/p>\n<p>Le lieu appropri\u00e9 pour tout litige d\u00e9coulant de ou li\u00e9 au Contrat et \u00e0 tout acc\u00e8s ou utilisation de nos Services sera les tribunaux d\u2019\u00c9tat et f\u00e9d\u00e9raux situ\u00e9s \u00e0 New York.<\/p>\n<h3>Changements<\/h3>\n<p>\n Parkorly se r\u00e9serve le droit, \u00e0 notre seule discr\u00e9tion, de modifier ou de remplacer les pr\u00e9sentes Conditions \u00e0 tout moment.<\/p>\n<p>Si nous apportons des modifications importantes, nous vous en informerons en publiant sur notre site Web ou en vous envoyant un courriel ou une autre communication avant que les modifications ne prennent effet. L\u2019avis indiquera un d\u00e9lai raisonnable apr\u00e8s lequel les nouvelles conditions prendront effet. <\/p>\n<p>\nNous allons essayer de fournir au moins<br \/>\n30<br \/>\n jours de pr\u00e9avis avant l\u2019entr\u00e9e en vigueur des modifications.  Si vous n\u2019\u00eates pas d\u2019accord avec nos modifications, vous devez cesser d\u2019utiliser nos Services dans le d\u00e9lai de pr\u00e9avis d\u00e9sign\u00e9, ou une fois que les modifications entrent en vigueur.\n<\/p>\n<p>Votre utilisation continue de nos Services sera soumise aux nouvelles conditions.<\/p>\n<h3>Contactez-nous<\/h3>\n<p>\nSi vous avez des questions concernant ces conditions d\u2019utilisation, veuillez nous contacter \u00e0 l\u2019adresse<br \/>\n contact@parkorly.com <\/p>\n<hr \/>\n<p>Derni\u00e8re mise \u00e0 jour\u00a0: October 31, 2024<\/p>\n","protected":false},"excerpt":{"rendered":"<p>Les pr\u00e9sentes Conditions r\u00e9gissent votre acc\u00e8s, votre utilisation de tout le contenu, produit et service disponibles \u00e0 l\u2019adresse https:\/\/parkorly.com (le \u00ab\u00a0Service\u00a0\u00bb) exploit\u00e9 par Parkorly ( \u00ab\u00a0nous\u00a0\u00bb, \u00ab\u00a0notre\u00a0\u00bb ou \u00ab\u00a0nos\u00a0\u00bb). Votre&hellip;<\/p>\n","protected":false},"author":1,"featured_media":0,"parent":0,"menu_order":0,"comment_status":"closed","ping_status":"closed","template":"","meta":{"footnotes":""},"class_list":["post-1051","page","type-page","status-publish","hentry"],"_links":{"self":[{"href":"https:\/\/parkorly.com\/index.php?rest_route=\/wp\/v2\/pages\/1051","targetHints":{"allow":["GET"]}}],"collection":[{"href":"https:\/\/parkorly.com\/index.php?rest_route=\/wp\/v2\/pages"}],"about":[{"href":"https:\/\/parkorly.com\/index.php?rest_route=\/wp\/v2\/types\/page"}],"author":[{"embeddable":true,"href":"https:\/\/parkorly.com\/index.php?rest_route=\/wp\/v2\/users\/1"}],"replies":[{"embeddable":true,"href":"https:\/\/parkorly.com\/index.php?rest_route=%2Fwp%2Fv2%2Fcomments&post=1051"}],"version-history":[{"count":2,"href":"https:\/\/parkorly.com\/index.php?rest_route=\/wp\/v2\/pages\/1051\/revisions"}],"predecessor-version":[{"id":1053,"href":"https:\/\/parkorly.com\/index.php?rest_route=\/wp\/v2\/pages\/1051\/revisions\/1053"}],"wp:attachment":[{"href":"https:\/\/parkorly.com\/index.php?rest_route=%2Fwp%2Fv2%2Fmedia&parent=1051"}],"curies":[{"name":"wp","href":"https:\/\/api.w.org\/{rel}","templated":true}]}}